{"id":40,"date":"2022-10-06T16:45:08","date_gmt":"2022-10-06T19:45:08","guid":{"rendered":"http:\/\/unitproducoes.com.br\/lojadecarros\/?page_id=40"},"modified":"2022-10-11T15:21:10","modified_gmt":"2022-10-11T18:21:10","slug":"quem-somos","status":"publish","type":"page","link":"http:\/\/unitproducoes.com.br\/lojadecarros\/quem-somos\/","title":{"rendered":"Quem somos"},"content":{"rendered":"\t\t<div data-elementor-type=\"wp-page\" data-elementor-id=\"40\" class=\"elementor elementor-40\" data-elementor-settings=\"[]\">\n\t\t\t\t\t\t\t<div class=\"elementor-section-wrap\">\n\t\t\t\t\t\t\t<section class=\"elementor-section elementor-top-section elementor-element elementor-element-74705a04 elementor-section-height-min-height elementor-reverse-mobile elementor-reverse-tablet elementor-section-boxed elementor-section-height-default elementor-section-items-middle\" data-id=\"74705a04\" data-element_type=\"section\" data-settings=\"{&quot;background_background&quot;:&quot;classic&quot;}\">\n\t\t\t\t\t\t\t<div class=\"elementor-background-overlay\"><\/div>\n\t\t\t\t\t\t\t<div class=\"elementor-container elementor-column-gap-default\">\n\t\t\t\t\t<div class=\"elementor-column elementor-col-50 elementor-top-column elementor-element elementor-element-4e6b68bc\" data-id=\"4e6b68bc\" data-element_type=\"column\">\n\t\t\t<div class=\"elementor-widget-wrap elementor-element-populated\">\n\t\t\t\t\t\t\t\t<div class=\"elementor-element elementor-element-1f340840 elementor-widget elementor-widget-image\" data-id=\"1f340840\" data-element_type=\"widget\" data-settings=\"{&quot;motion_fx_translateY_effect&quot;:&quot;yes&quot;,&quot;motion_fx_translateY_direction&quot;:&quot;negative&quot;,&quot;motion_fx_translateY_speed&quot;:{&quot;unit&quot;:&quot;px&quot;,&quot;size&quot;:&quot;1&quot;,&quot;sizes&quot;:[]},&quot;motion_fx_motion_fx_scrolling&quot;:&quot;yes&quot;,&quot;motion_fx_translateY_affectedRange&quot;:{&quot;unit&quot;:&quot;%&quot;,&quot;size&quot;:&quot;&quot;,&quot;sizes&quot;:{&quot;start&quot;:0,&quot;end&quot;:100}},&quot;motion_fx_devices&quot;:[&quot;desktop&quot;,&quot;tablet&quot;,&quot;mobile&quot;]}\" data-widget_type=\"image.default\">\n\t\t\t\t<div class=\"elementor-widget-container\">\n\t\t\t<style>\/*! elementor - v3.5.6 - 28-02-2022 *\/\n.elementor-widget-image{text-align:center}.elementor-widget-image a{display:inline-block}.elementor-widget-image a img[src$=\".svg\"]{width:48px}.elementor-widget-image img{vertical-align:middle;display:inline-block}<\/style>\t\t\t\t\t\t\t\t\t\t\t\t<img loading=\"lazy\" decoding=\"async\" width=\"539\" height=\"539\" src=\"http:\/\/unitproducoes.com.br\/lojadecarros\/wp-content\/uploads\/2022\/10\/Intro-Home-page-new.png\" class=\"attachment-full size-full\" alt=\"\" srcset=\"http:\/\/unitproducoes.com.br\/lojadecarros\/wp-content\/uploads\/2022\/10\/Intro-Home-page-new.png 539w, http:\/\/unitproducoes.com.br\/lojadecarros\/wp-content\/uploads\/2022\/10\/Intro-Home-page-new-300x300.png 300w, http:\/\/unitproducoes.com.br\/lojadecarros\/wp-content\/uploads\/2022\/10\/Intro-Home-page-new-150x150.png 150w\" sizes=\"auto, (max-width: 539px) 100vw, 539px\" \/>\t\t\t\t\t\t\t\t\t\t\t\t\t\t\t<\/div>\n\t\t\t\t<\/div>\n\t\t\t\t\t<\/div>\n\t\t<\/div>\n\t\t\t\t<div class=\"elementor-column elementor-col-50 elementor-top-column elementor-element elementor-element-76bba156\" data-id=\"76bba156\" data-element_type=\"column\">\n\t\t\t<div class=\"elementor-widget-wrap elementor-element-populated\">\n\t\t\t\t\t\t\t\t<div class=\"elementor-element elementor-element-198a5560 elementor-widget elementor-widget-heading\" data-id=\"198a5560\" data-element_type=\"widget\" data-settings=\"{&quot;motion_fx_motion_fx_scrolling&quot;:&quot;yes&quot;,&quot;motion_fx_translateY_effect&quot;:&quot;yes&quot;,&quot;motion_fx_translateY_speed&quot;:{&quot;unit&quot;:&quot;px&quot;,&quot;size&quot;:&quot;0.5&quot;,&quot;sizes&quot;:[]},&quot;motion_fx_translateY_affectedRange&quot;:{&quot;unit&quot;:&quot;%&quot;,&quot;size&quot;:&quot;&quot;,&quot;sizes&quot;:{&quot;start&quot;:&quot;0&quot;,&quot;end&quot;:&quot;50&quot;}},&quot;motion_fx_opacity_effect&quot;:&quot;yes&quot;,&quot;motion_fx_opacity_range&quot;:{&quot;unit&quot;:&quot;%&quot;,&quot;size&quot;:&quot;&quot;,&quot;sizes&quot;:{&quot;start&quot;:&quot;0&quot;,&quot;end&quot;:&quot;50&quot;}},&quot;motion_fx_devices&quot;:[&quot;desktop&quot;,&quot;mobile&quot;],&quot;motion_fx_opacity_direction&quot;:&quot;out-in&quot;,&quot;motion_fx_opacity_level&quot;:{&quot;unit&quot;:&quot;px&quot;,&quot;size&quot;:10,&quot;sizes&quot;:[]}}\" data-widget_type=\"heading.default\">\n\t\t\t\t<div class=\"elementor-widget-container\">\n\t\t\t<style>\/*! elementor - v3.5.6 - 28-02-2022 *\/\n.elementor-heading-title{padding:0;margin:0;line-height:1}.elementor-widget-heading .elementor-heading-title[class*=elementor-size-]>a{color:inherit;font-size:inherit;line-height:inherit}.elementor-widget-heading .elementor-heading-title.elementor-size-small{font-size:15px}.elementor-widget-heading .elementor-heading-title.elementor-size-medium{font-size:19px}.elementor-widget-heading .elementor-heading-title.elementor-size-large{font-size:29px}.elementor-widget-heading .elementor-heading-title.elementor-size-xl{font-size:39px}.elementor-widget-heading .elementor-heading-title.elementor-size-xxl{font-size:59px}<\/style><h2 class=\"elementor-heading-title elementor-size-default\">Sobre n\u00f3s<\/h2>\t\t<\/div>\n\t\t\t\t<\/div>\n\t\t\t\t<div class=\"elementor-element elementor-element-3dd4fd4c elementor-widget elementor-widget-text-editor\" data-id=\"3dd4fd4c\" data-element_type=\"widget\" data-widget_type=\"text-editor.default\">\n\t\t\t\t<div class=\"elementor-widget-container\">\n\t\t\t<style>\/*! elementor - v3.5.6 - 28-02-2022 *\/\n.elementor-widget-text-editor.elementor-drop-cap-view-stacked .elementor-drop-cap{background-color:#818a91;color:#fff}.elementor-widget-text-editor.elementor-drop-cap-view-framed .elementor-drop-cap{color:#818a91;border:3px solid;background-color:transparent}.elementor-widget-text-editor:not(.elementor-drop-cap-view-default) .elementor-drop-cap{margin-top:8px}.elementor-widget-text-editor:not(.elementor-drop-cap-view-default) .elementor-drop-cap-letter{width:1em;height:1em}.elementor-widget-text-editor .elementor-drop-cap{float:left;text-align:center;line-height:1;font-size:50px}.elementor-widget-text-editor .elementor-drop-cap-letter{display:inline-block}<\/style>\t\t\t\t<p>O <strong>Lorem Ipsum<\/strong> \u00e9 um texto modelo da ind\u00fastria tipogr\u00e1fica e de impress\u00e3o. O Lorem Ipsum tem vindo a ser o texto padr\u00e3o usado por estas ind\u00fastrias desde o ano de 1500, quando uma misturou os caracteres de um texto para criar um esp\u00e9cime de livro. Este texto n\u00e3o s\u00f3 sobreviveu 5 s\u00e9culos, mas tamb\u00e9m o salto para a tipografia electr\u00f3nica, mantendo-se essencialmente inalterada.<\/p><p>Foi popularizada nos anos 60 com a disponibiliza\u00e7\u00e3o das folhas de Letraset, que continham passagens com Lorem Ipsum, e mais recentemente com os programas de publica\u00e7\u00e3o como o Aldus PageMaker que incluem vers\u00f5es do Lorem Ipsum.<\/p><p>Ao contr\u00e1rio da cren\u00e7a popular, o Lorem Ipsum n\u00e3o \u00e9 simplesmente texto aleat\u00f3rio. Tem ra\u00edzes numa pe\u00e7a de literatura cl\u00e1ssica em Latim, de 45 AC, tornando-o com mais de 2000 anos. Richard McClintock, um professor de Latim no Col\u00e9gio Hampden-Sydney, na Virg\u00ednia, procurou uma das palavras em Latim mais obscuras (consectetur) numa passagem Lorem Ipsum, e atravessando as cidades do mundo na literatura cl\u00e1ssica, descobriu a sua origem. Lorem Ipsum vem das sec\u00e7\u00f5es 1.10.32 e 1.10.33 do &#8220;de Finibus Bonorum et Malorum&#8221; (Os Extremos do Bem e do Mal), por C\u00edcero, escrito a 45AC. Este livro \u00e9 um tratado na teoria da \u00e9tica, muito popular durante a Renascen\u00e7a. A primeira linha de Lorem Ipsum, &#8220;Lorem ipsum dolor sit amet&#8230;&#8221; aparece de uma linha na sec\u00e7\u00e3o 1.10.32.<\/p>\t\t\t\t\t\t<\/div>\n\t\t\t\t<\/div>\n\t\t\t\t\t<\/div>\n\t\t<\/div>\n\t\t\t\t\t\t\t<\/div>\n\t\t<\/section>\n\t\t\t\t\t\t<\/div>\n\t\t\t\t\t<\/div>\n\t\t","protected":false},"excerpt":{"rendered":"<p>Sobre n\u00f3s O Lorem Ipsum \u00e9 um texto modelo da ind\u00fastria tipogr\u00e1fica e de impress\u00e3o. O Lorem Ipsum tem vindo a ser o texto padr\u00e3o usado por estas ind\u00fastrias desde o ano de 1500, quando uma misturou os caracteres de um texto para criar um esp\u00e9cime de livro. Este texto n\u00e3o s\u00f3 sobreviveu 5 s\u00e9culos, [&hellip;]<\/p>\n","protected":false},"author":1,"featured_media":0,"parent":0,"menu_order":0,"comment_status":"closed","ping_status":"closed","template":"","meta":{"footnotes":""},"class_list":["post-40","page","type-page","status-publish","hentry"],"_links":{"self":[{"href":"http:\/\/unitproducoes.com.br\/lojadecarros\/wp-json\/wp\/v2\/pages\/40","targetHints":{"allow":["GET"]}}],"collection":[{"href":"http:\/\/unitproducoes.com.br\/lojadecarros\/wp-json\/wp\/v2\/pages"}],"about":[{"href":"http:\/\/unitproducoes.com.br\/lojadecarros\/wp-json\/wp\/v2\/types\/page"}],"author":[{"embeddable":true,"href":"http:\/\/unitproducoes.com.br\/lojadecarros\/wp-json\/wp\/v2\/users\/1"}],"replies":[{"embeddable":true,"href":"http:\/\/unitproducoes.com.br\/lojadecarros\/wp-json\/wp\/v2\/comments?post=40"}],"version-history":[{"count":7,"href":"http:\/\/unitproducoes.com.br\/lojadecarros\/wp-json\/wp\/v2\/pages\/40\/revisions"}],"predecessor-version":[{"id":466,"href":"http:\/\/unitproducoes.com.br\/lojadecarros\/wp-json\/wp\/v2\/pages\/40\/revisions\/466"}],"wp:attachment":[{"href":"http:\/\/unitproducoes.com.br\/lojadecarros\/wp-json\/wp\/v2\/media?parent=40"}],"curies":[{"name":"wp","href":"https:\/\/api.w.org\/{rel}","templated":true}]}}